{"id":7679,"date":"2025-12-16T19:01:27","date_gmt":"2025-12-17T01:01:27","guid":{"rendered":"https:\/\/elojoquevelaluz.com\/?post_type=product&#038;p=7679"},"modified":"2025-12-22T18:21:15","modified_gmt":"2025-12-23T00:21:15","slug":"reinicio","status":"publish","type":"product","link":"https:\/\/elojoquevelaluz.com\/es\/product\/reinicio\/","title":{"rendered":"REINICIO"},"content":{"rendered":"","protected":false},"excerpt":{"rendered":"<h2 data-start=\"283\" data-end=\"300\"><span style=\"font-size: 14pt;\"><strong data-start=\"286\" data-end=\"298\">EBOOK DIGITAL <\/strong><\/span><\/h2>\n<h2 data-start=\"283\" data-end=\"300\"><strong data-start=\"286\" data-end=\"298\">PROCESO DE 15 D\u00cdAS<\/strong><\/h2>\n<h3 data-start=\"301\" data-end=\"342\"><em data-start=\"305\" data-end=\"342\">Lo esencial que vuelve a acomodarse<\/em><\/h3>\n<p data-start=\"344\" data-end=\"550\"><strong data-start=\"344\" data-end=\"356\">Reinicio<\/strong> es un proceso de 15 d\u00edas para cerrar tu a\u00f1o desde un lugar distinto.<br data-start=\"425\" data-end=\"428\" \/>No desde la exigencia, no desde la lista de prop\u00f3sitos, no desde \u201ctengo que ser otra persona\u201d\u2026<br data-start=\"522\" data-end=\"525\" \/>sino desde la conciencia.<\/p>\n<p data-start=\"552\" data-end=\"793\">Este recorrido est\u00e1 dise\u00f1ado para ayudarte a <strong data-start=\"597\" data-end=\"624\">liberar carga emocional<\/strong>, <strong data-start=\"626\" data-end=\"654\">verte con m\u00e1s honestidad<\/strong>, <strong data-start=\"656\" data-end=\"694\">reinterpretar tu historia reciente<\/strong>, <strong data-start=\"696\" data-end=\"725\">elegirte con m\u00e1s claridad<\/strong> y <strong data-start=\"728\" data-end=\"792\">abrir espacio a la versi\u00f3n que ya est\u00e1s lista\/o para habitar<\/strong>.<\/p>\n<p data-start=\"795\" data-end=\"868\">No es un reto.<br data-start=\"809\" data-end=\"812\" \/>No es una terapia tradicional.<br data-start=\"842\" data-end=\"845\" \/>No es motivaci\u00f3n vac\u00eda.<\/p>\n<p data-start=\"870\" data-end=\"1039\">Es un acompa\u00f1amiento \u00edntimo, concreto y profundo, hecho de peque\u00f1as acciones que mueven algo adentro\u2026 y cuando algo se mueve adentro, lo dem\u00e1s empieza a acomodarse solo.<\/p>\n<h3 data-start=\"1982\" data-end=\"2005\"><strong data-start=\"1986\" data-end=\"2005\">\u00bfC\u00f3mo funciona?<\/strong><\/h3>\n<p data-start=\"2006\" data-end=\"2177\">Reinicio es un EBOOK digital que puedes hacerlo a tu ritmo, en el orden propuesto o regresando a los ejercicios cuando lo necesites.<br data-start=\"2105\" data-end=\"2108\" \/>No tienes que sentir algo espec\u00edfico.<br data-start=\"2145\" data-end=\"2148\" \/>No tienes que \u201chacerlo bien\u201d.<\/p>\n<p data-start=\"2179\" data-end=\"2279\">Solo necesitas hacer el peque\u00f1o movimiento del d\u00eda\u2026<br data-start=\"2230\" data-end=\"2233\" \/>y permitir que lo esencial encuentre su lugar.<\/p>","protected":false},"featured_media":7684,"template":"","meta":[],"product_brand":[],"product_cat":[15],"product_tag":[],"class_list":{"0":"post-7679","1":"product","2":"type-product","3":"status-publish","4":"has-post-thumbnail","6":"product_cat-productos-digitales","8":"first","9":"instock","10":"downloadable","11":"virtual","12":"purchasable","13":"product-type-simple"},"yoast_head":"<!-- This site is optimized with the Yoast SEO plugin v27.5 - https:\/\/yoast.com\/product\/yoast-seo-wordpress\/ -->\n<title>REINICIO - El ojo que ve la luz<\/title>\n<meta name=\"robots\" content=\"index, follow, max-snippet:-1, max-image-preview:large, max-video-preview:-1\" \/>\n<link rel=\"canonical\" href=\"https:\/\/elojoquevelaluz.com\/es\/product\/reinicio\/\" \/>\n<meta property=\"og:locale\" content=\"es_ES\" \/>\n<meta property=\"og:type\" content=\"article\" \/>\n<meta property=\"og:title\" content=\"REINICIO - El ojo que ve la luz\" \/>\n<meta property=\"og:description\" content=\"EBOOK DIGITAL  PROCESO DE 15 D\u00cdAS Lo esencial que vuelve a acomodarse Reinicio es un proceso de 15 d\u00edas para cerrar tu a\u00f1o desde un lugar distinto.No desde la exigencia, no desde la lista de prop\u00f3sitos, no desde \u201ctengo que ser otra persona\u201d\u2026sino desde la conciencia. Este recorrido est\u00e1 dise\u00f1ado para ayudarte a liberar carga emocional, verte con m\u00e1s honestidad, reinterpretar tu historia reciente, elegirte con m\u00e1s claridad y abrir espacio a la versi\u00f3n que ya est\u00e1s lista\/o para habitar. No es un reto.No es una terapia tradicional.No es motivaci\u00f3n vac\u00eda. Es un acompa\u00f1amiento \u00edntimo, concreto y profundo, hecho de peque\u00f1as acciones que mueven algo adentro\u2026 y cuando algo se mueve adentro, lo dem\u00e1s empieza a acomodarse solo.  \u00bfC\u00f3mo funciona? Reinicio es un EBOOK digital que puedes hacerlo a tu ritmo, en el orden propuesto o regresando a los ejercicios cuando lo necesites.No tienes que sentir algo espec\u00edfico.No tienes que \u201chacerlo bien\u201d. Solo necesitas hacer el peque\u00f1o movimiento del d\u00eda\u2026y permitir que lo esencial encuentre su lugar.\" \/>\n<meta property=\"og:url\" content=\"https:\/\/elojoquevelaluz.com\/es\/product\/reinicio\/\" \/>\n<meta property=\"og:site_name\" content=\"El ojo que ve la luz\" \/>\n<meta property=\"article:modified_time\" content=\"2025-12-23T00:21:15+00:00\" \/>\n<meta property=\"og:image\" content=\"https:\/\/elojoquevelaluz.com\/wp-content\/uploads\/2025\/12\/Flyer-Post-Reinicio-1.png\" \/>\n\t<meta property=\"og:image:width\" content=\"1080\" \/>\n\t<meta property=\"og:image:height\" content=\"1350\" \/>\n\t<meta property=\"og:image:type\" content=\"image\/png\" \/>\n<meta name=\"twitter:card\" content=\"summary_large_image\" \/>\n<meta name=\"twitter:label1\" content=\"Est. reading time\" \/>\n\t<meta name=\"twitter:data1\" content=\"1 minuto\" \/>\n<script type=\"application\/ld+json\" class=\"yoast-schema-graph\">{\"@context\":\"https:\\\/\\\/schema.org\",\"@graph\":[{\"@type\":\"WebPage\",\"@id\":\"https:\\\/\\\/elojoquevelaluz.com\\\/producto\\\/reinicio\\\/\",\"url\":\"https:\\\/\\\/elojoquevelaluz.com\\\/producto\\\/reinicio\\\/\",\"name\":\"REINICIO - El ojo que ve la luz\",\"isPartOf\":{\"@id\":\"https:\\\/\\\/elojoquevelaluz.com\\\/#website\"},\"primaryImageOfPage\":{\"@id\":\"https:\\\/\\\/elojoquevelaluz.com\\\/producto\\\/reinicio\\\/#primaryimage\"},\"image\":{\"@id\":\"https:\\\/\\\/elojoquevelaluz.com\\\/producto\\\/reinicio\\\/#primaryimage\"},\"thumbnailUrl\":\"https:\\\/\\\/elojoquevelaluz.com\\\/wp-content\\\/uploads\\\/2025\\\/12\\\/Flyer-Post-Reinicio-1.png\",\"datePublished\":\"2025-12-17T01:01:27+00:00\",\"dateModified\":\"2025-12-23T00:21:15+00:00\",\"breadcrumb\":{\"@id\":\"https:\\\/\\\/elojoquevelaluz.com\\\/producto\\\/reinicio\\\/#breadcrumb\"},\"inLanguage\":\"es\",\"potentialAction\":[{\"@type\":\"ReadAction\",\"target\":[\"https:\\\/\\\/elojoquevelaluz.com\\\/producto\\\/reinicio\\\/\"]}]},{\"@type\":\"ImageObject\",\"inLanguage\":\"es\",\"@id\":\"https:\\\/\\\/elojoquevelaluz.com\\\/producto\\\/reinicio\\\/#primaryimage\",\"url\":\"https:\\\/\\\/elojoquevelaluz.com\\\/wp-content\\\/uploads\\\/2025\\\/12\\\/Flyer-Post-Reinicio-1.png\",\"contentUrl\":\"https:\\\/\\\/elojoquevelaluz.com\\\/wp-content\\\/uploads\\\/2025\\\/12\\\/Flyer-Post-Reinicio-1.png\",\"width\":1080,\"height\":1350},{\"@type\":\"BreadcrumbList\",\"@id\":\"https:\\\/\\\/elojoquevelaluz.com\\\/producto\\\/reinicio\\\/#breadcrumb\",\"itemListElement\":[{\"@type\":\"ListItem\",\"position\":1,\"name\":\"Portada\",\"item\":\"https:\\\/\\\/elojoquevelaluz.com\\\/\"},{\"@type\":\"ListItem\",\"position\":2,\"name\":\"Productos\",\"item\":\"https:\\\/\\\/elojoquevelaluz.com\\\/products\\\/\"},{\"@type\":\"ListItem\",\"position\":3,\"name\":\"REINICIO\"}]},{\"@type\":\"WebSite\",\"@id\":\"https:\\\/\\\/elojoquevelaluz.com\\\/#website\",\"url\":\"https:\\\/\\\/elojoquevelaluz.com\\\/\",\"name\":\"El ojo que ve la luz\",\"description\":\"El ojo que ve la luz\",\"publisher\":{\"@id\":\"https:\\\/\\\/elojoquevelaluz.com\\\/#\\\/schema\\\/person\\\/6bcd426868338c774776625487da6cbe\"},\"potentialAction\":[{\"@type\":\"SearchAction\",\"target\":{\"@type\":\"EntryPoint\",\"urlTemplate\":\"https:\\\/\\\/elojoquevelaluz.com\\\/?s={search_term_string}\"},\"query-input\":{\"@type\":\"PropertyValueSpecification\",\"valueRequired\":true,\"valueName\":\"search_term_string\"}}],\"inLanguage\":\"es\"},{\"@type\":[\"Person\",\"Organization\"],\"@id\":\"https:\\\/\\\/elojoquevelaluz.com\\\/#\\\/schema\\\/person\\\/6bcd426868338c774776625487da6cbe\",\"name\":\"El ojo que ve la luz\",\"image\":{\"@type\":\"ImageObject\",\"inLanguage\":\"es\",\"@id\":\"https:\\\/\\\/elojoquevelaluz.com\\\/wp-content\\\/uploads\\\/2023\\\/03\\\/El-ojo-que-ve-la-luz-.png\",\"url\":\"https:\\\/\\\/elojoquevelaluz.com\\\/wp-content\\\/uploads\\\/2023\\\/03\\\/El-ojo-que-ve-la-luz-.png\",\"contentUrl\":\"https:\\\/\\\/elojoquevelaluz.com\\\/wp-content\\\/uploads\\\/2023\\\/03\\\/El-ojo-que-ve-la-luz-.png\",\"width\":600,\"height\":174,\"caption\":\"El ojo que ve la luz\"},\"logo\":{\"@id\":\"https:\\\/\\\/elojoquevelaluz.com\\\/wp-content\\\/uploads\\\/2023\\\/03\\\/El-ojo-que-ve-la-luz-.png\"}}]}<\/script>\n<!-- \/ Yoast SEO plugin. -->","yoast_head_json":{"title":"REINICIO - El ojo que ve la luz","robots":{"index":"index","follow":"follow","max-snippet":"max-snippet:-1","max-image-preview":"max-image-preview:large","max-video-preview":"max-video-preview:-1"},"canonical":"https:\/\/elojoquevelaluz.com\/es\/product\/reinicio\/","og_locale":"es_ES","og_type":"article","og_title":"REINICIO - El ojo que ve la luz","og_description":"EBOOK DIGITAL  PROCESO DE 15 D\u00cdAS Lo esencial que vuelve a acomodarse Reinicio es un proceso de 15 d\u00edas para cerrar tu a\u00f1o desde un lugar distinto.No desde la exigencia, no desde la lista de prop\u00f3sitos, no desde \u201ctengo que ser otra persona\u201d\u2026sino desde la conciencia. Este recorrido est\u00e1 dise\u00f1ado para ayudarte a liberar carga emocional, verte con m\u00e1s honestidad, reinterpretar tu historia reciente, elegirte con m\u00e1s claridad y abrir espacio a la versi\u00f3n que ya est\u00e1s lista\/o para habitar. No es un reto.No es una terapia tradicional.No es motivaci\u00f3n vac\u00eda. Es un acompa\u00f1amiento \u00edntimo, concreto y profundo, hecho de peque\u00f1as acciones que mueven algo adentro\u2026 y cuando algo se mueve adentro, lo dem\u00e1s empieza a acomodarse solo.  \u00bfC\u00f3mo funciona? Reinicio es un EBOOK digital que puedes hacerlo a tu ritmo, en el orden propuesto o regresando a los ejercicios cuando lo necesites.No tienes que sentir algo espec\u00edfico.No tienes que \u201chacerlo bien\u201d. Solo necesitas hacer el peque\u00f1o movimiento del d\u00eda\u2026y permitir que lo esencial encuentre su lugar.","og_url":"https:\/\/elojoquevelaluz.com\/es\/product\/reinicio\/","og_site_name":"El ojo que ve la luz","article_modified_time":"2025-12-23T00:21:15+00:00","og_image":[{"width":1080,"height":1350,"url":"https:\/\/elojoquevelaluz.com\/wp-content\/uploads\/2025\/12\/Flyer-Post-Reinicio-1.png","type":"image\/png"}],"twitter_card":"summary_large_image","twitter_misc":{"Est. reading time":"1 minuto"},"schema":{"@context":"https:\/\/schema.org","@graph":[{"@type":"WebPage","@id":"https:\/\/elojoquevelaluz.com\/producto\/reinicio\/","url":"https:\/\/elojoquevelaluz.com\/producto\/reinicio\/","name":"REINICIO - El ojo que ve la luz","isPartOf":{"@id":"https:\/\/elojoquevelaluz.com\/#website"},"primaryImageOfPage":{"@id":"https:\/\/elojoquevelaluz.com\/producto\/reinicio\/#primaryimage"},"image":{"@id":"https:\/\/elojoquevelaluz.com\/producto\/reinicio\/#primaryimage"},"thumbnailUrl":"https:\/\/elojoquevelaluz.com\/wp-content\/uploads\/2025\/12\/Flyer-Post-Reinicio-1.png","datePublished":"2025-12-17T01:01:27+00:00","dateModified":"2025-12-23T00:21:15+00:00","breadcrumb":{"@id":"https:\/\/elojoquevelaluz.com\/producto\/reinicio\/#breadcrumb"},"inLanguage":"es","potentialAction":[{"@type":"ReadAction","target":["https:\/\/elojoquevelaluz.com\/producto\/reinicio\/"]}]},{"@type":"ImageObject","inLanguage":"es","@id":"https:\/\/elojoquevelaluz.com\/producto\/reinicio\/#primaryimage","url":"https:\/\/elojoquevelaluz.com\/wp-content\/uploads\/2025\/12\/Flyer-Post-Reinicio-1.png","contentUrl":"https:\/\/elojoquevelaluz.com\/wp-content\/uploads\/2025\/12\/Flyer-Post-Reinicio-1.png","width":1080,"height":1350},{"@type":"BreadcrumbList","@id":"https:\/\/elojoquevelaluz.com\/producto\/reinicio\/#breadcrumb","itemListElement":[{"@type":"ListItem","position":1,"name":"Portada","item":"https:\/\/elojoquevelaluz.com\/"},{"@type":"ListItem","position":2,"name":"Productos","item":"https:\/\/elojoquevelaluz.com\/products\/"},{"@type":"ListItem","position":3,"name":"REINICIO"}]},{"@type":"WebSite","@id":"https:\/\/elojoquevelaluz.com\/#website","url":"https:\/\/elojoquevelaluz.com\/","name":"El ojo que ve la luz","description":"El ojo que ve la luz","publisher":{"@id":"https:\/\/elojoquevelaluz.com\/#\/schema\/person\/6bcd426868338c774776625487da6cbe"},"potentialAction":[{"@type":"SearchAction","target":{"@type":"EntryPoint","urlTemplate":"https:\/\/elojoquevelaluz.com\/?s={search_term_string}"},"query-input":{"@type":"PropertyValueSpecification","valueRequired":true,"valueName":"search_term_string"}}],"inLanguage":"es"},{"@type":["Person","Organization"],"@id":"https:\/\/elojoquevelaluz.com\/#\/schema\/person\/6bcd426868338c774776625487da6cbe","name":"El ojo que ve la luz","image":{"@type":"ImageObject","inLanguage":"es","@id":"https:\/\/elojoquevelaluz.com\/wp-content\/uploads\/2023\/03\/El-ojo-que-ve-la-luz-.png","url":"https:\/\/elojoquevelaluz.com\/wp-content\/uploads\/2023\/03\/El-ojo-que-ve-la-luz-.png","contentUrl":"https:\/\/elojoquevelaluz.com\/wp-content\/uploads\/2023\/03\/El-ojo-que-ve-la-luz-.png","width":600,"height":174,"caption":"El ojo que ve la luz"},"logo":{"@id":"https:\/\/elojoquevelaluz.com\/wp-content\/uploads\/2023\/03\/El-ojo-que-ve-la-luz-.png"}}]}},"_links":{"self":[{"href":"https:\/\/elojoquevelaluz.com\/es\/wp-json\/wp\/v2\/product\/7679","targetHints":{"allow":["GET"]}}],"collection":[{"href":"https:\/\/elojoquevelaluz.com\/es\/wp-json\/wp\/v2\/product"}],"about":[{"href":"https:\/\/elojoquevelaluz.com\/es\/wp-json\/wp\/v2\/types\/product"}],"wp:featuredmedia":[{"embeddable":true,"href":"https:\/\/elojoquevelaluz.com\/es\/wp-json\/wp\/v2\/media\/7684"}],"wp:attachment":[{"href":"https:\/\/elojoquevelaluz.com\/es\/wp-json\/wp\/v2\/media?parent=7679"}],"wp:term":[{"taxonomy":"product_brand","embeddable":true,"href":"https:\/\/elojoquevelaluz.com\/es\/wp-json\/wp\/v2\/product_brand?post=7679"},{"taxonomy":"product_cat","embeddable":true,"href":"https:\/\/elojoquevelaluz.com\/es\/wp-json\/wp\/v2\/product_cat?post=7679"},{"taxonomy":"product_tag","embeddable":true,"href":"https:\/\/elojoquevelaluz.com\/es\/wp-json\/wp\/v2\/product_tag?post=7679"}],"curies":[{"name":"wp","href":"https:\/\/api.w.org\/{rel}","templated":true}]}}