{"id":7589,"date":"2025-03-20T18:07:58","date_gmt":"2025-03-21T00:07:58","guid":{"rendered":"https:\/\/elojoquevelaluz.com\/?post_type=product&#038;p=7589"},"modified":"2025-03-20T18:23:27","modified_gmt":"2025-03-21T00:23:27","slug":"mi-yo-mistico","status":"publish","type":"product","link":"https:\/\/elojoquevelaluz.com\/es\/product\/mi-yo-mistico\/","title":{"rendered":"Mi yo m\u00edstico"},"content":{"rendered":"","protected":false},"excerpt":{"rendered":"<p><strong>MI YO MISTICO<\/strong><\/p>\n<p class=\"p1\">Duraci\u00f3n total del curso: 12 semanas<\/p>\n<p class=\"p1\">Duraci\u00f3n de la clase: De 1 hora a 1 hora y media.<\/p>\n<p class=\"p1\">Fechas : 31 de marzo al 2 de Junio 2025<\/p>\n<p class=\"p1\">Hay dos horarios disponibles:<\/p>\n<p class=\"p1\">Ma\u00f1ana: 10:00 am a 11:30 am<\/p>\n<p class=\"p1\">Tarde : 7:30 pm a 9:00pm<\/p>\n<p class=\"p3\">Inversion: $1,500 mxn al mes<\/p>\n<p class=\"p5\"><strong>*El grupo se abre con m\u00ednimo 10 inscritos<\/strong><\/p>\n<p class=\"p5\"><strong>*El pago se puede hacer por transferencia o por medio de link de pago.<\/strong><\/p>","protected":false},"featured_media":7595,"template":"","meta":[],"product_brand":[],"product_cat":[81],"product_tag":[],"class_list":{"0":"post-7589","1":"product","2":"type-product","3":"status-publish","4":"has-post-thumbnail","6":"product_cat-talleres-recurrentes","8":"first","9":"instock","10":"virtual","11":"purchasable","12":"product-type-subscription"},"yoast_head":"<!-- This site is optimized with the Yoast SEO plugin v27.4 - https:\/\/yoast.com\/product\/yoast-seo-wordpress\/ -->\n<title>Mi yo m\u00edstico - El ojo que ve la luz<\/title>\n<meta name=\"robots\" content=\"index, follow, max-snippet:-1, max-image-preview:large, max-video-preview:-1\" \/>\n<link rel=\"canonical\" href=\"https:\/\/elojoquevelaluz.com\/es\/product\/mi-yo-mistico\/\" \/>\n<meta property=\"og:locale\" content=\"es_ES\" \/>\n<meta property=\"og:type\" content=\"article\" \/>\n<meta property=\"og:title\" content=\"Mi yo m\u00edstico - El ojo que ve la luz\" \/>\n<meta property=\"og:description\" content=\"MI YO MISTICO Duraci\u00f3n total del curso: 12 semanas Duraci\u00f3n de la clase: De 1 hora a 1 hora y media. Fechas : 31 de marzo al 2 de Junio 2025 Hay dos horarios disponibles: Ma\u00f1ana: 10:00 am a 11:30 am Tarde : 7:30 pm a 9:00pm Inversion: $1,500 mxn al mes *El grupo se abre con m\u00ednimo 10 inscritos *El pago se puede hacer por transferencia o por medio de link de pago.\" \/>\n<meta property=\"og:url\" content=\"https:\/\/elojoquevelaluz.com\/es\/product\/mi-yo-mistico\/\" \/>\n<meta property=\"og:site_name\" content=\"El ojo que ve la luz\" \/>\n<meta property=\"article:modified_time\" content=\"2025-03-21T00:23:27+00:00\" \/>\n<meta property=\"og:image\" content=\"https:\/\/elojoquevelaluz.com\/wp-content\/uploads\/2025\/03\/IMG_3091.jpg\" \/>\n\t<meta property=\"og:image:width\" content=\"1170\" \/>\n\t<meta property=\"og:image:height\" content=\"1162\" \/>\n\t<meta property=\"og:image:type\" content=\"image\/jpeg\" \/>\n<meta name=\"twitter:card\" content=\"summary_large_image\" \/>\n<meta name=\"twitter:label1\" content=\"Est. reading time\" \/>\n\t<meta name=\"twitter:data1\" content=\"1 minuto\" \/>\n<script type=\"application\/ld+json\" class=\"yoast-schema-graph\">{\"@context\":\"https:\\\/\\\/schema.org\",\"@graph\":[{\"@type\":\"WebPage\",\"@id\":\"https:\\\/\\\/elojoquevelaluz.com\\\/producto\\\/mi-yo-mistico\\\/\",\"url\":\"https:\\\/\\\/elojoquevelaluz.com\\\/producto\\\/mi-yo-mistico\\\/\",\"name\":\"Mi yo m\u00edstico - El ojo que ve la luz\",\"isPartOf\":{\"@id\":\"https:\\\/\\\/elojoquevelaluz.com\\\/#website\"},\"primaryImageOfPage\":{\"@id\":\"https:\\\/\\\/elojoquevelaluz.com\\\/producto\\\/mi-yo-mistico\\\/#primaryimage\"},\"image\":{\"@id\":\"https:\\\/\\\/elojoquevelaluz.com\\\/producto\\\/mi-yo-mistico\\\/#primaryimage\"},\"thumbnailUrl\":\"https:\\\/\\\/elojoquevelaluz.com\\\/wp-content\\\/uploads\\\/2025\\\/03\\\/IMG_3091.jpg\",\"datePublished\":\"2025-03-21T00:07:58+00:00\",\"dateModified\":\"2025-03-21T00:23:27+00:00\",\"breadcrumb\":{\"@id\":\"https:\\\/\\\/elojoquevelaluz.com\\\/producto\\\/mi-yo-mistico\\\/#breadcrumb\"},\"inLanguage\":\"es\",\"potentialAction\":[{\"@type\":\"ReadAction\",\"target\":[\"https:\\\/\\\/elojoquevelaluz.com\\\/producto\\\/mi-yo-mistico\\\/\"]}]},{\"@type\":\"ImageObject\",\"inLanguage\":\"es\",\"@id\":\"https:\\\/\\\/elojoquevelaluz.com\\\/producto\\\/mi-yo-mistico\\\/#primaryimage\",\"url\":\"https:\\\/\\\/elojoquevelaluz.com\\\/wp-content\\\/uploads\\\/2025\\\/03\\\/IMG_3091.jpg\",\"contentUrl\":\"https:\\\/\\\/elojoquevelaluz.com\\\/wp-content\\\/uploads\\\/2025\\\/03\\\/IMG_3091.jpg\",\"width\":1170,\"height\":1162},{\"@type\":\"BreadcrumbList\",\"@id\":\"https:\\\/\\\/elojoquevelaluz.com\\\/producto\\\/mi-yo-mistico\\\/#breadcrumb\",\"itemListElement\":[{\"@type\":\"ListItem\",\"position\":1,\"name\":\"Portada\",\"item\":\"https:\\\/\\\/elojoquevelaluz.com\\\/\"},{\"@type\":\"ListItem\",\"position\":2,\"name\":\"Productos\",\"item\":\"https:\\\/\\\/elojoquevelaluz.com\\\/products\\\/\"},{\"@type\":\"ListItem\",\"position\":3,\"name\":\"Mi yo m\u00edstico\"}]},{\"@type\":\"WebSite\",\"@id\":\"https:\\\/\\\/elojoquevelaluz.com\\\/#website\",\"url\":\"https:\\\/\\\/elojoquevelaluz.com\\\/\",\"name\":\"El ojo que ve la luz\",\"description\":\"El ojo que ve la luz\",\"publisher\":{\"@id\":\"https:\\\/\\\/elojoquevelaluz.com\\\/#\\\/schema\\\/person\\\/6bcd426868338c774776625487da6cbe\"},\"potentialAction\":[{\"@type\":\"SearchAction\",\"target\":{\"@type\":\"EntryPoint\",\"urlTemplate\":\"https:\\\/\\\/elojoquevelaluz.com\\\/?s={search_term_string}\"},\"query-input\":{\"@type\":\"PropertyValueSpecification\",\"valueRequired\":true,\"valueName\":\"search_term_string\"}}],\"inLanguage\":\"es\"},{\"@type\":[\"Person\",\"Organization\"],\"@id\":\"https:\\\/\\\/elojoquevelaluz.com\\\/#\\\/schema\\\/person\\\/6bcd426868338c774776625487da6cbe\",\"name\":\"El ojo que ve la luz\",\"image\":{\"@type\":\"ImageObject\",\"inLanguage\":\"es\",\"@id\":\"https:\\\/\\\/elojoquevelaluz.com\\\/wp-content\\\/uploads\\\/2023\\\/03\\\/El-ojo-que-ve-la-luz-.png\",\"url\":\"https:\\\/\\\/elojoquevelaluz.com\\\/wp-content\\\/uploads\\\/2023\\\/03\\\/El-ojo-que-ve-la-luz-.png\",\"contentUrl\":\"https:\\\/\\\/elojoquevelaluz.com\\\/wp-content\\\/uploads\\\/2023\\\/03\\\/El-ojo-que-ve-la-luz-.png\",\"width\":600,\"height\":174,\"caption\":\"El ojo que ve la luz\"},\"logo\":{\"@id\":\"https:\\\/\\\/elojoquevelaluz.com\\\/wp-content\\\/uploads\\\/2023\\\/03\\\/El-ojo-que-ve-la-luz-.png\"}}]}<\/script>\n<!-- \/ Yoast SEO plugin. -->","yoast_head_json":{"title":"Mi yo m\u00edstico - El ojo que ve la luz","robots":{"index":"index","follow":"follow","max-snippet":"max-snippet:-1","max-image-preview":"max-image-preview:large","max-video-preview":"max-video-preview:-1"},"canonical":"https:\/\/elojoquevelaluz.com\/es\/product\/mi-yo-mistico\/","og_locale":"es_ES","og_type":"article","og_title":"Mi yo m\u00edstico - El ojo que ve la luz","og_description":"MI YO MISTICO Duraci\u00f3n total del curso: 12 semanas Duraci\u00f3n de la clase: De 1 hora a 1 hora y media. Fechas : 31 de marzo al 2 de Junio 2025 Hay dos horarios disponibles: Ma\u00f1ana: 10:00 am a 11:30 am Tarde : 7:30 pm a 9:00pm Inversion: $1,500 mxn al mes *El grupo se abre con m\u00ednimo 10 inscritos *El pago se puede hacer por transferencia o por medio de link de pago.","og_url":"https:\/\/elojoquevelaluz.com\/es\/product\/mi-yo-mistico\/","og_site_name":"El ojo que ve la luz","article_modified_time":"2025-03-21T00:23:27+00:00","og_image":[{"width":1170,"height":1162,"url":"https:\/\/elojoquevelaluz.com\/wp-content\/uploads\/2025\/03\/IMG_3091.jpg","type":"image\/jpeg"}],"twitter_card":"summary_large_image","twitter_misc":{"Est. reading time":"1 minuto"},"schema":{"@context":"https:\/\/schema.org","@graph":[{"@type":"WebPage","@id":"https:\/\/elojoquevelaluz.com\/producto\/mi-yo-mistico\/","url":"https:\/\/elojoquevelaluz.com\/producto\/mi-yo-mistico\/","name":"Mi yo m\u00edstico - El ojo que ve la luz","isPartOf":{"@id":"https:\/\/elojoquevelaluz.com\/#website"},"primaryImageOfPage":{"@id":"https:\/\/elojoquevelaluz.com\/producto\/mi-yo-mistico\/#primaryimage"},"image":{"@id":"https:\/\/elojoquevelaluz.com\/producto\/mi-yo-mistico\/#primaryimage"},"thumbnailUrl":"https:\/\/elojoquevelaluz.com\/wp-content\/uploads\/2025\/03\/IMG_3091.jpg","datePublished":"2025-03-21T00:07:58+00:00","dateModified":"2025-03-21T00:23:27+00:00","breadcrumb":{"@id":"https:\/\/elojoquevelaluz.com\/producto\/mi-yo-mistico\/#breadcrumb"},"inLanguage":"es","potentialAction":[{"@type":"ReadAction","target":["https:\/\/elojoquevelaluz.com\/producto\/mi-yo-mistico\/"]}]},{"@type":"ImageObject","inLanguage":"es","@id":"https:\/\/elojoquevelaluz.com\/producto\/mi-yo-mistico\/#primaryimage","url":"https:\/\/elojoquevelaluz.com\/wp-content\/uploads\/2025\/03\/IMG_3091.jpg","contentUrl":"https:\/\/elojoquevelaluz.com\/wp-content\/uploads\/2025\/03\/IMG_3091.jpg","width":1170,"height":1162},{"@type":"BreadcrumbList","@id":"https:\/\/elojoquevelaluz.com\/producto\/mi-yo-mistico\/#breadcrumb","itemListElement":[{"@type":"ListItem","position":1,"name":"Portada","item":"https:\/\/elojoquevelaluz.com\/"},{"@type":"ListItem","position":2,"name":"Productos","item":"https:\/\/elojoquevelaluz.com\/products\/"},{"@type":"ListItem","position":3,"name":"Mi yo m\u00edstico"}]},{"@type":"WebSite","@id":"https:\/\/elojoquevelaluz.com\/#website","url":"https:\/\/elojoquevelaluz.com\/","name":"El ojo que ve la luz","description":"El ojo que ve la luz","publisher":{"@id":"https:\/\/elojoquevelaluz.com\/#\/schema\/person\/6bcd426868338c774776625487da6cbe"},"potentialAction":[{"@type":"SearchAction","target":{"@type":"EntryPoint","urlTemplate":"https:\/\/elojoquevelaluz.com\/?s={search_term_string}"},"query-input":{"@type":"PropertyValueSpecification","valueRequired":true,"valueName":"search_term_string"}}],"inLanguage":"es"},{"@type":["Person","Organization"],"@id":"https:\/\/elojoquevelaluz.com\/#\/schema\/person\/6bcd426868338c774776625487da6cbe","name":"El ojo que ve la luz","image":{"@type":"ImageObject","inLanguage":"es","@id":"https:\/\/elojoquevelaluz.com\/wp-content\/uploads\/2023\/03\/El-ojo-que-ve-la-luz-.png","url":"https:\/\/elojoquevelaluz.com\/wp-content\/uploads\/2023\/03\/El-ojo-que-ve-la-luz-.png","contentUrl":"https:\/\/elojoquevelaluz.com\/wp-content\/uploads\/2023\/03\/El-ojo-que-ve-la-luz-.png","width":600,"height":174,"caption":"El ojo que ve la luz"},"logo":{"@id":"https:\/\/elojoquevelaluz.com\/wp-content\/uploads\/2023\/03\/El-ojo-que-ve-la-luz-.png"}}]}},"_links":{"self":[{"href":"https:\/\/elojoquevelaluz.com\/es\/wp-json\/wp\/v2\/product\/7589","targetHints":{"allow":["GET"]}}],"collection":[{"href":"https:\/\/elojoquevelaluz.com\/es\/wp-json\/wp\/v2\/product"}],"about":[{"href":"https:\/\/elojoquevelaluz.com\/es\/wp-json\/wp\/v2\/types\/product"}],"wp:featuredmedia":[{"embeddable":true,"href":"https:\/\/elojoquevelaluz.com\/es\/wp-json\/wp\/v2\/media\/7595"}],"wp:attachment":[{"href":"https:\/\/elojoquevelaluz.com\/es\/wp-json\/wp\/v2\/media?parent=7589"}],"wp:term":[{"taxonomy":"product_brand","embeddable":true,"href":"https:\/\/elojoquevelaluz.com\/es\/wp-json\/wp\/v2\/product_brand?post=7589"},{"taxonomy":"product_cat","embeddable":true,"href":"https:\/\/elojoquevelaluz.com\/es\/wp-json\/wp\/v2\/product_cat?post=7589"},{"taxonomy":"product_tag","embeddable":true,"href":"https:\/\/elojoquevelaluz.com\/es\/wp-json\/wp\/v2\/product_tag?post=7589"}],"curies":[{"name":"wp","href":"https:\/\/api.w.org\/{rel}","templated":true}]}}