{"id":5640,"date":"2023-11-24T00:19:50","date_gmt":"2023-11-24T06:19:50","guid":{"rendered":"https:\/\/elojoquevelaluz.com\/?post_type=product&#038;p=5640"},"modified":"2025-01-24T02:08:38","modified_gmt":"2025-01-24T08:08:38","slug":"ve-la-luz","status":"publish","type":"product","link":"https:\/\/elojoquevelaluz.com\/es\/product\/ve-la-luz\/","title":{"rendered":"Ve la luz"},"content":{"rendered":"","protected":false},"excerpt":{"rendered":"<p><span style=\"font-weight: 400;\">Por medio de un grupo iras transitando las diferentes etapas del m\u00e9todo, en donde podr\u00e1s identificar con m\u00e1s claridad donde te atoras y que es lo que te impide avanzar para poder imaginarte la vida que quieres, aprender\u00e1s a no prolongar los edos emocionales que te incomodan.<\/span><\/p>","protected":false},"featured_media":5950,"template":"","meta":[],"product_brand":[],"product_cat":[72],"product_tag":[],"class_list":{"0":"post-5640","1":"product","2":"type-product","3":"status-publish","4":"has-post-thumbnail","6":"product_cat-the-gupa-method-grupal","8":"first","9":"outofstock","10":"shipping-taxable","11":"product-type-simple"},"yoast_head":"<!-- This site is optimized with the Yoast SEO plugin v27.5 - https:\/\/yoast.com\/product\/yoast-seo-wordpress\/ -->\n<title>Ve la luz - El ojo que ve la luz<\/title>\n<meta name=\"robots\" content=\"index, follow, max-snippet:-1, max-image-preview:large, max-video-preview:-1\" \/>\n<link rel=\"canonical\" href=\"https:\/\/elojoquevelaluz.com\/es\/product\/ve-la-luz\/\" \/>\n<meta property=\"og:locale\" content=\"es_ES\" \/>\n<meta property=\"og:type\" content=\"article\" \/>\n<meta property=\"og:title\" content=\"Ve la luz - El ojo que ve la luz\" \/>\n<meta property=\"og:description\" content=\"Por medio de un grupo iras transitando las diferentes etapas del m\u00e9todo, en donde podr\u00e1s identificar con m\u00e1s claridad donde te atoras y que es lo que te impide avanzar para poder imaginarte la vida que quieres, aprender\u00e1s a no prolongar los edos emocionales que te incomodan.\" \/>\n<meta property=\"og:url\" content=\"https:\/\/elojoquevelaluz.com\/es\/product\/ve-la-luz\/\" \/>\n<meta property=\"og:site_name\" content=\"El ojo que ve la luz\" \/>\n<meta property=\"article:modified_time\" content=\"2025-01-24T08:08:38+00:00\" \/>\n<meta property=\"og:image\" content=\"https:\/\/elojoquevelaluz.com\/wp-content\/uploads\/2023\/11\/in-and-out-GRUPAL.png\" \/>\n\t<meta property=\"og:image:width\" content=\"1208\" \/>\n\t<meta property=\"og:image:height\" content=\"790\" \/>\n\t<meta property=\"og:image:type\" content=\"image\/png\" \/>\n<meta name=\"twitter:card\" content=\"summary_large_image\" \/>\n<meta name=\"twitter:label1\" content=\"Est. reading time\" \/>\n\t<meta name=\"twitter:data1\" content=\"1 minuto\" \/>\n<script type=\"application\/ld+json\" class=\"yoast-schema-graph\">{\"@context\":\"https:\\\/\\\/schema.org\",\"@graph\":[{\"@type\":\"WebPage\",\"@id\":\"https:\\\/\\\/elojoquevelaluz.com\\\/producto\\\/ve-la-luz\\\/\",\"url\":\"https:\\\/\\\/elojoquevelaluz.com\\\/producto\\\/ve-la-luz\\\/\",\"name\":\"Ve la luz - El ojo que ve la luz\",\"isPartOf\":{\"@id\":\"https:\\\/\\\/elojoquevelaluz.com\\\/#website\"},\"primaryImageOfPage\":{\"@id\":\"https:\\\/\\\/elojoquevelaluz.com\\\/producto\\\/ve-la-luz\\\/#primaryimage\"},\"image\":{\"@id\":\"https:\\\/\\\/elojoquevelaluz.com\\\/producto\\\/ve-la-luz\\\/#primaryimage\"},\"thumbnailUrl\":\"https:\\\/\\\/elojoquevelaluz.com\\\/wp-content\\\/uploads\\\/2023\\\/11\\\/in-and-out-GRUPAL.png\",\"datePublished\":\"2023-11-24T06:19:50+00:00\",\"dateModified\":\"2025-01-24T08:08:38+00:00\",\"breadcrumb\":{\"@id\":\"https:\\\/\\\/elojoquevelaluz.com\\\/producto\\\/ve-la-luz\\\/#breadcrumb\"},\"inLanguage\":\"es\",\"potentialAction\":[{\"@type\":\"ReadAction\",\"target\":[\"https:\\\/\\\/elojoquevelaluz.com\\\/producto\\\/ve-la-luz\\\/\"]}]},{\"@type\":\"ImageObject\",\"inLanguage\":\"es\",\"@id\":\"https:\\\/\\\/elojoquevelaluz.com\\\/producto\\\/ve-la-luz\\\/#primaryimage\",\"url\":\"https:\\\/\\\/elojoquevelaluz.com\\\/wp-content\\\/uploads\\\/2023\\\/11\\\/in-and-out-GRUPAL.png\",\"contentUrl\":\"https:\\\/\\\/elojoquevelaluz.com\\\/wp-content\\\/uploads\\\/2023\\\/11\\\/in-and-out-GRUPAL.png\",\"width\":1208,\"height\":790},{\"@type\":\"BreadcrumbList\",\"@id\":\"https:\\\/\\\/elojoquevelaluz.com\\\/producto\\\/ve-la-luz\\\/#breadcrumb\",\"itemListElement\":[{\"@type\":\"ListItem\",\"position\":1,\"name\":\"Portada\",\"item\":\"https:\\\/\\\/elojoquevelaluz.com\\\/\"},{\"@type\":\"ListItem\",\"position\":2,\"name\":\"Productos\",\"item\":\"https:\\\/\\\/elojoquevelaluz.com\\\/products\\\/\"},{\"@type\":\"ListItem\",\"position\":3,\"name\":\"Ve la luz\"}]},{\"@type\":\"WebSite\",\"@id\":\"https:\\\/\\\/elojoquevelaluz.com\\\/#website\",\"url\":\"https:\\\/\\\/elojoquevelaluz.com\\\/\",\"name\":\"El ojo que ve la luz\",\"description\":\"El ojo que ve la luz\",\"publisher\":{\"@id\":\"https:\\\/\\\/elojoquevelaluz.com\\\/#\\\/schema\\\/person\\\/6bcd426868338c774776625487da6cbe\"},\"potentialAction\":[{\"@type\":\"SearchAction\",\"target\":{\"@type\":\"EntryPoint\",\"urlTemplate\":\"https:\\\/\\\/elojoquevelaluz.com\\\/?s={search_term_string}\"},\"query-input\":{\"@type\":\"PropertyValueSpecification\",\"valueRequired\":true,\"valueName\":\"search_term_string\"}}],\"inLanguage\":\"es\"},{\"@type\":[\"Person\",\"Organization\"],\"@id\":\"https:\\\/\\\/elojoquevelaluz.com\\\/#\\\/schema\\\/person\\\/6bcd426868338c774776625487da6cbe\",\"name\":\"El ojo que ve la luz\",\"image\":{\"@type\":\"ImageObject\",\"inLanguage\":\"es\",\"@id\":\"https:\\\/\\\/elojoquevelaluz.com\\\/wp-content\\\/uploads\\\/2023\\\/03\\\/El-ojo-que-ve-la-luz-.png\",\"url\":\"https:\\\/\\\/elojoquevelaluz.com\\\/wp-content\\\/uploads\\\/2023\\\/03\\\/El-ojo-que-ve-la-luz-.png\",\"contentUrl\":\"https:\\\/\\\/elojoquevelaluz.com\\\/wp-content\\\/uploads\\\/2023\\\/03\\\/El-ojo-que-ve-la-luz-.png\",\"width\":600,\"height\":174,\"caption\":\"El ojo que ve la luz\"},\"logo\":{\"@id\":\"https:\\\/\\\/elojoquevelaluz.com\\\/wp-content\\\/uploads\\\/2023\\\/03\\\/El-ojo-que-ve-la-luz-.png\"}}]}<\/script>\n<!-- \/ Yoast SEO plugin. -->","yoast_head_json":{"title":"Ve la luz - El ojo que ve la luz","robots":{"index":"index","follow":"follow","max-snippet":"max-snippet:-1","max-image-preview":"max-image-preview:large","max-video-preview":"max-video-preview:-1"},"canonical":"https:\/\/elojoquevelaluz.com\/es\/product\/ve-la-luz\/","og_locale":"es_ES","og_type":"article","og_title":"Ve la luz - El ojo que ve la luz","og_description":"Por medio de un grupo iras transitando las diferentes etapas del m\u00e9todo, en donde podr\u00e1s identificar con m\u00e1s claridad donde te atoras y que es lo que te impide avanzar para poder imaginarte la vida que quieres, aprender\u00e1s a no prolongar los edos emocionales que te incomodan.","og_url":"https:\/\/elojoquevelaluz.com\/es\/product\/ve-la-luz\/","og_site_name":"El ojo que ve la luz","article_modified_time":"2025-01-24T08:08:38+00:00","og_image":[{"width":1208,"height":790,"url":"https:\/\/elojoquevelaluz.com\/wp-content\/uploads\/2023\/11\/in-and-out-GRUPAL.png","type":"image\/png"}],"twitter_card":"summary_large_image","twitter_misc":{"Est. reading time":"1 minuto"},"schema":{"@context":"https:\/\/schema.org","@graph":[{"@type":"WebPage","@id":"https:\/\/elojoquevelaluz.com\/producto\/ve-la-luz\/","url":"https:\/\/elojoquevelaluz.com\/producto\/ve-la-luz\/","name":"Ve la luz - El ojo que ve la luz","isPartOf":{"@id":"https:\/\/elojoquevelaluz.com\/#website"},"primaryImageOfPage":{"@id":"https:\/\/elojoquevelaluz.com\/producto\/ve-la-luz\/#primaryimage"},"image":{"@id":"https:\/\/elojoquevelaluz.com\/producto\/ve-la-luz\/#primaryimage"},"thumbnailUrl":"https:\/\/elojoquevelaluz.com\/wp-content\/uploads\/2023\/11\/in-and-out-GRUPAL.png","datePublished":"2023-11-24T06:19:50+00:00","dateModified":"2025-01-24T08:08:38+00:00","breadcrumb":{"@id":"https:\/\/elojoquevelaluz.com\/producto\/ve-la-luz\/#breadcrumb"},"inLanguage":"es","potentialAction":[{"@type":"ReadAction","target":["https:\/\/elojoquevelaluz.com\/producto\/ve-la-luz\/"]}]},{"@type":"ImageObject","inLanguage":"es","@id":"https:\/\/elojoquevelaluz.com\/producto\/ve-la-luz\/#primaryimage","url":"https:\/\/elojoquevelaluz.com\/wp-content\/uploads\/2023\/11\/in-and-out-GRUPAL.png","contentUrl":"https:\/\/elojoquevelaluz.com\/wp-content\/uploads\/2023\/11\/in-and-out-GRUPAL.png","width":1208,"height":790},{"@type":"BreadcrumbList","@id":"https:\/\/elojoquevelaluz.com\/producto\/ve-la-luz\/#breadcrumb","itemListElement":[{"@type":"ListItem","position":1,"name":"Portada","item":"https:\/\/elojoquevelaluz.com\/"},{"@type":"ListItem","position":2,"name":"Productos","item":"https:\/\/elojoquevelaluz.com\/products\/"},{"@type":"ListItem","position":3,"name":"Ve la luz"}]},{"@type":"WebSite","@id":"https:\/\/elojoquevelaluz.com\/#website","url":"https:\/\/elojoquevelaluz.com\/","name":"El ojo que ve la luz","description":"El ojo que ve la luz","publisher":{"@id":"https:\/\/elojoquevelaluz.com\/#\/schema\/person\/6bcd426868338c774776625487da6cbe"},"potentialAction":[{"@type":"SearchAction","target":{"@type":"EntryPoint","urlTemplate":"https:\/\/elojoquevelaluz.com\/?s={search_term_string}"},"query-input":{"@type":"PropertyValueSpecification","valueRequired":true,"valueName":"search_term_string"}}],"inLanguage":"es"},{"@type":["Person","Organization"],"@id":"https:\/\/elojoquevelaluz.com\/#\/schema\/person\/6bcd426868338c774776625487da6cbe","name":"El ojo que ve la luz","image":{"@type":"ImageObject","inLanguage":"es","@id":"https:\/\/elojoquevelaluz.com\/wp-content\/uploads\/2023\/03\/El-ojo-que-ve-la-luz-.png","url":"https:\/\/elojoquevelaluz.com\/wp-content\/uploads\/2023\/03\/El-ojo-que-ve-la-luz-.png","contentUrl":"https:\/\/elojoquevelaluz.com\/wp-content\/uploads\/2023\/03\/El-ojo-que-ve-la-luz-.png","width":600,"height":174,"caption":"El ojo que ve la luz"},"logo":{"@id":"https:\/\/elojoquevelaluz.com\/wp-content\/uploads\/2023\/03\/El-ojo-que-ve-la-luz-.png"}}]}},"_links":{"self":[{"href":"https:\/\/elojoquevelaluz.com\/es\/wp-json\/wp\/v2\/product\/5640","targetHints":{"allow":["GET"]}}],"collection":[{"href":"https:\/\/elojoquevelaluz.com\/es\/wp-json\/wp\/v2\/product"}],"about":[{"href":"https:\/\/elojoquevelaluz.com\/es\/wp-json\/wp\/v2\/types\/product"}],"wp:featuredmedia":[{"embeddable":true,"href":"https:\/\/elojoquevelaluz.com\/es\/wp-json\/wp\/v2\/media\/5950"}],"wp:attachment":[{"href":"https:\/\/elojoquevelaluz.com\/es\/wp-json\/wp\/v2\/media?parent=5640"}],"wp:term":[{"taxonomy":"product_brand","embeddable":true,"href":"https:\/\/elojoquevelaluz.com\/es\/wp-json\/wp\/v2\/product_brand?post=5640"},{"taxonomy":"product_cat","embeddable":true,"href":"https:\/\/elojoquevelaluz.com\/es\/wp-json\/wp\/v2\/product_cat?post=5640"},{"taxonomy":"product_tag","embeddable":true,"href":"https:\/\/elojoquevelaluz.com\/es\/wp-json\/wp\/v2\/product_tag?post=5640"}],"curies":[{"name":"wp","href":"https:\/\/api.w.org\/{rel}","templated":true}]}}