{"id":5609,"date":"2023-11-23T14:52:24","date_gmt":"2023-11-23T20:52:24","guid":{"rendered":"https:\/\/elojoquevelaluz.com\/?post_type=product&#038;p=5609"},"modified":"2023-12-14T16:22:37","modified_gmt":"2023-12-14T22:22:37","slug":"the-gupa-method-onenes-11","status":"publish","type":"product","link":"https:\/\/elojoquevelaluz.com\/es\/product\/the-gupa-method-onenes-11\/","title":{"rendered":"The Gupa Method Onenes 1:1"},"content":{"rendered":"","protected":false},"excerpt":{"rendered":"<p><span style=\"font-weight: 400;\">En esta etapa ya descubriste que es lo que te regresa al pasado, ya est\u00e1s listo para soltarlo, el mundo de las posibilidades se abre para ti cuando aprendes a dejar de ser tu, te acompa\u00f1o a descubrir en d\u00f3nde se esconde tu ego, para que este deje de boicotearte.<\/span><\/p>","protected":false},"featured_media":5952,"template":"","meta":[],"product_brand":[],"product_cat":[67],"product_tag":[],"class_list":{"0":"post-5609","1":"product","2":"type-product","3":"status-publish","4":"has-post-thumbnail","6":"product_cat-the-gupa-method-11","8":"first","9":"instock","10":"shipping-taxable","11":"purchasable","12":"product-type-simple"},"yoast_head":"<!-- This site is optimized with the Yoast SEO plugin v27.4 - https:\/\/yoast.com\/product\/yoast-seo-wordpress\/ -->\n<title>The Gupa Method Onenes 1:1 - El ojo que ve la luz<\/title>\n<meta name=\"robots\" content=\"index, follow, max-snippet:-1, max-image-preview:large, max-video-preview:-1\" \/>\n<link rel=\"canonical\" href=\"https:\/\/elojoquevelaluz.com\/es\/product\/the-gupa-method-onenes-11\/\" \/>\n<meta property=\"og:locale\" content=\"es_ES\" \/>\n<meta property=\"og:type\" content=\"article\" \/>\n<meta property=\"og:title\" content=\"The Gupa Method Onenes 1:1 - El ojo que ve la luz\" \/>\n<meta property=\"og:description\" content=\"En esta etapa ya descubriste que es lo que te regresa al pasado, ya est\u00e1s listo para soltarlo, el mundo de las posibilidades se abre para ti cuando aprendes a dejar de ser tu, te acompa\u00f1o a descubrir en d\u00f3nde se esconde tu ego, para que este deje de boicotearte.\" \/>\n<meta property=\"og:url\" content=\"https:\/\/elojoquevelaluz.com\/es\/product\/the-gupa-method-onenes-11\/\" \/>\n<meta property=\"og:site_name\" content=\"El ojo que ve la luz\" \/>\n<meta property=\"article:modified_time\" content=\"2023-12-14T22:22:37+00:00\" \/>\n<meta property=\"og:image\" content=\"https:\/\/elojoquevelaluz.com\/wp-content\/uploads\/2023\/11\/ONENESS.png\" \/>\n\t<meta property=\"og:image:width\" content=\"1638\" \/>\n\t<meta property=\"og:image:height\" content=\"1638\" \/>\n\t<meta property=\"og:image:type\" content=\"image\/png\" \/>\n<meta name=\"twitter:card\" content=\"summary_large_image\" \/>\n<script type=\"application\/ld+json\" class=\"yoast-schema-graph\">{\"@context\":\"https:\\\/\\\/schema.org\",\"@graph\":[{\"@type\":\"WebPage\",\"@id\":\"https:\\\/\\\/elojoquevelaluz.com\\\/producto\\\/the-gupa-method-onenes-11\\\/\",\"url\":\"https:\\\/\\\/elojoquevelaluz.com\\\/producto\\\/the-gupa-method-onenes-11\\\/\",\"name\":\"The Gupa Method Onenes 1:1 - El ojo que ve la luz\",\"isPartOf\":{\"@id\":\"https:\\\/\\\/elojoquevelaluz.com\\\/#website\"},\"primaryImageOfPage\":{\"@id\":\"https:\\\/\\\/elojoquevelaluz.com\\\/producto\\\/the-gupa-method-onenes-11\\\/#primaryimage\"},\"image\":{\"@id\":\"https:\\\/\\\/elojoquevelaluz.com\\\/producto\\\/the-gupa-method-onenes-11\\\/#primaryimage\"},\"thumbnailUrl\":\"https:\\\/\\\/elojoquevelaluz.com\\\/wp-content\\\/uploads\\\/2023\\\/11\\\/ONENESS.png\",\"datePublished\":\"2023-11-23T20:52:24+00:00\",\"dateModified\":\"2023-12-14T22:22:37+00:00\",\"breadcrumb\":{\"@id\":\"https:\\\/\\\/elojoquevelaluz.com\\\/producto\\\/the-gupa-method-onenes-11\\\/#breadcrumb\"},\"inLanguage\":\"es\",\"potentialAction\":[{\"@type\":\"ReadAction\",\"target\":[\"https:\\\/\\\/elojoquevelaluz.com\\\/producto\\\/the-gupa-method-onenes-11\\\/\"]}]},{\"@type\":\"ImageObject\",\"inLanguage\":\"es\",\"@id\":\"https:\\\/\\\/elojoquevelaluz.com\\\/producto\\\/the-gupa-method-onenes-11\\\/#primaryimage\",\"url\":\"https:\\\/\\\/elojoquevelaluz.com\\\/wp-content\\\/uploads\\\/2023\\\/11\\\/ONENESS.png\",\"contentUrl\":\"https:\\\/\\\/elojoquevelaluz.com\\\/wp-content\\\/uploads\\\/2023\\\/11\\\/ONENESS.png\",\"width\":1638,\"height\":1638},{\"@type\":\"BreadcrumbList\",\"@id\":\"https:\\\/\\\/elojoquevelaluz.com\\\/producto\\\/the-gupa-method-onenes-11\\\/#breadcrumb\",\"itemListElement\":[{\"@type\":\"ListItem\",\"position\":1,\"name\":\"Portada\",\"item\":\"https:\\\/\\\/elojoquevelaluz.com\\\/\"},{\"@type\":\"ListItem\",\"position\":2,\"name\":\"Productos\",\"item\":\"https:\\\/\\\/elojoquevelaluz.com\\\/products\\\/\"},{\"@type\":\"ListItem\",\"position\":3,\"name\":\"The Gupa Method Onenes 1:1\"}]},{\"@type\":\"WebSite\",\"@id\":\"https:\\\/\\\/elojoquevelaluz.com\\\/#website\",\"url\":\"https:\\\/\\\/elojoquevelaluz.com\\\/\",\"name\":\"El ojo que ve la luz\",\"description\":\"El ojo que ve la luz\",\"publisher\":{\"@id\":\"https:\\\/\\\/elojoquevelaluz.com\\\/#\\\/schema\\\/person\\\/6bcd426868338c774776625487da6cbe\"},\"potentialAction\":[{\"@type\":\"SearchAction\",\"target\":{\"@type\":\"EntryPoint\",\"urlTemplate\":\"https:\\\/\\\/elojoquevelaluz.com\\\/?s={search_term_string}\"},\"query-input\":{\"@type\":\"PropertyValueSpecification\",\"valueRequired\":true,\"valueName\":\"search_term_string\"}}],\"inLanguage\":\"es\"},{\"@type\":[\"Person\",\"Organization\"],\"@id\":\"https:\\\/\\\/elojoquevelaluz.com\\\/#\\\/schema\\\/person\\\/6bcd426868338c774776625487da6cbe\",\"name\":\"El ojo que ve la luz\",\"image\":{\"@type\":\"ImageObject\",\"inLanguage\":\"es\",\"@id\":\"https:\\\/\\\/elojoquevelaluz.com\\\/wp-content\\\/uploads\\\/2023\\\/03\\\/El-ojo-que-ve-la-luz-.png\",\"url\":\"https:\\\/\\\/elojoquevelaluz.com\\\/wp-content\\\/uploads\\\/2023\\\/03\\\/El-ojo-que-ve-la-luz-.png\",\"contentUrl\":\"https:\\\/\\\/elojoquevelaluz.com\\\/wp-content\\\/uploads\\\/2023\\\/03\\\/El-ojo-que-ve-la-luz-.png\",\"width\":600,\"height\":174,\"caption\":\"El ojo que ve la luz\"},\"logo\":{\"@id\":\"https:\\\/\\\/elojoquevelaluz.com\\\/wp-content\\\/uploads\\\/2023\\\/03\\\/El-ojo-que-ve-la-luz-.png\"}}]}<\/script>\n<!-- \/ Yoast SEO plugin. -->","yoast_head_json":{"title":"The Gupa Method Onenes 1:1 - El ojo que ve la luz","robots":{"index":"index","follow":"follow","max-snippet":"max-snippet:-1","max-image-preview":"max-image-preview:large","max-video-preview":"max-video-preview:-1"},"canonical":"https:\/\/elojoquevelaluz.com\/es\/product\/the-gupa-method-onenes-11\/","og_locale":"es_ES","og_type":"article","og_title":"The Gupa Method Onenes 1:1 - El ojo que ve la luz","og_description":"En esta etapa ya descubriste que es lo que te regresa al pasado, ya est\u00e1s listo para soltarlo, el mundo de las posibilidades se abre para ti cuando aprendes a dejar de ser tu, te acompa\u00f1o a descubrir en d\u00f3nde se esconde tu ego, para que este deje de boicotearte.","og_url":"https:\/\/elojoquevelaluz.com\/es\/product\/the-gupa-method-onenes-11\/","og_site_name":"El ojo que ve la luz","article_modified_time":"2023-12-14T22:22:37+00:00","og_image":[{"width":1638,"height":1638,"url":"https:\/\/elojoquevelaluz.com\/wp-content\/uploads\/2023\/11\/ONENESS.png","type":"image\/png"}],"twitter_card":"summary_large_image","schema":{"@context":"https:\/\/schema.org","@graph":[{"@type":"WebPage","@id":"https:\/\/elojoquevelaluz.com\/producto\/the-gupa-method-onenes-11\/","url":"https:\/\/elojoquevelaluz.com\/producto\/the-gupa-method-onenes-11\/","name":"The Gupa Method Onenes 1:1 - El ojo que ve la luz","isPartOf":{"@id":"https:\/\/elojoquevelaluz.com\/#website"},"primaryImageOfPage":{"@id":"https:\/\/elojoquevelaluz.com\/producto\/the-gupa-method-onenes-11\/#primaryimage"},"image":{"@id":"https:\/\/elojoquevelaluz.com\/producto\/the-gupa-method-onenes-11\/#primaryimage"},"thumbnailUrl":"https:\/\/elojoquevelaluz.com\/wp-content\/uploads\/2023\/11\/ONENESS.png","datePublished":"2023-11-23T20:52:24+00:00","dateModified":"2023-12-14T22:22:37+00:00","breadcrumb":{"@id":"https:\/\/elojoquevelaluz.com\/producto\/the-gupa-method-onenes-11\/#breadcrumb"},"inLanguage":"es","potentialAction":[{"@type":"ReadAction","target":["https:\/\/elojoquevelaluz.com\/producto\/the-gupa-method-onenes-11\/"]}]},{"@type":"ImageObject","inLanguage":"es","@id":"https:\/\/elojoquevelaluz.com\/producto\/the-gupa-method-onenes-11\/#primaryimage","url":"https:\/\/elojoquevelaluz.com\/wp-content\/uploads\/2023\/11\/ONENESS.png","contentUrl":"https:\/\/elojoquevelaluz.com\/wp-content\/uploads\/2023\/11\/ONENESS.png","width":1638,"height":1638},{"@type":"BreadcrumbList","@id":"https:\/\/elojoquevelaluz.com\/producto\/the-gupa-method-onenes-11\/#breadcrumb","itemListElement":[{"@type":"ListItem","position":1,"name":"Portada","item":"https:\/\/elojoquevelaluz.com\/"},{"@type":"ListItem","position":2,"name":"Productos","item":"https:\/\/elojoquevelaluz.com\/products\/"},{"@type":"ListItem","position":3,"name":"The Gupa Method Onenes 1:1"}]},{"@type":"WebSite","@id":"https:\/\/elojoquevelaluz.com\/#website","url":"https:\/\/elojoquevelaluz.com\/","name":"El ojo que ve la luz","description":"El ojo que ve la luz","publisher":{"@id":"https:\/\/elojoquevelaluz.com\/#\/schema\/person\/6bcd426868338c774776625487da6cbe"},"potentialAction":[{"@type":"SearchAction","target":{"@type":"EntryPoint","urlTemplate":"https:\/\/elojoquevelaluz.com\/?s={search_term_string}"},"query-input":{"@type":"PropertyValueSpecification","valueRequired":true,"valueName":"search_term_string"}}],"inLanguage":"es"},{"@type":["Person","Organization"],"@id":"https:\/\/elojoquevelaluz.com\/#\/schema\/person\/6bcd426868338c774776625487da6cbe","name":"El ojo que ve la luz","image":{"@type":"ImageObject","inLanguage":"es","@id":"https:\/\/elojoquevelaluz.com\/wp-content\/uploads\/2023\/03\/El-ojo-que-ve-la-luz-.png","url":"https:\/\/elojoquevelaluz.com\/wp-content\/uploads\/2023\/03\/El-ojo-que-ve-la-luz-.png","contentUrl":"https:\/\/elojoquevelaluz.com\/wp-content\/uploads\/2023\/03\/El-ojo-que-ve-la-luz-.png","width":600,"height":174,"caption":"El ojo que ve la luz"},"logo":{"@id":"https:\/\/elojoquevelaluz.com\/wp-content\/uploads\/2023\/03\/El-ojo-que-ve-la-luz-.png"}}]}},"_links":{"self":[{"href":"https:\/\/elojoquevelaluz.com\/es\/wp-json\/wp\/v2\/product\/5609","targetHints":{"allow":["GET"]}}],"collection":[{"href":"https:\/\/elojoquevelaluz.com\/es\/wp-json\/wp\/v2\/product"}],"about":[{"href":"https:\/\/elojoquevelaluz.com\/es\/wp-json\/wp\/v2\/types\/product"}],"wp:featuredmedia":[{"embeddable":true,"href":"https:\/\/elojoquevelaluz.com\/es\/wp-json\/wp\/v2\/media\/5952"}],"wp:attachment":[{"href":"https:\/\/elojoquevelaluz.com\/es\/wp-json\/wp\/v2\/media?parent=5609"}],"wp:term":[{"taxonomy":"product_brand","embeddable":true,"href":"https:\/\/elojoquevelaluz.com\/es\/wp-json\/wp\/v2\/product_brand?post=5609"},{"taxonomy":"product_cat","embeddable":true,"href":"https:\/\/elojoquevelaluz.com\/es\/wp-json\/wp\/v2\/product_cat?post=5609"},{"taxonomy":"product_tag","embeddable":true,"href":"https:\/\/elojoquevelaluz.com\/es\/wp-json\/wp\/v2\/product_tag?post=5609"}],"curies":[{"name":"wp","href":"https:\/\/api.w.org\/{rel}","templated":true}]}}